{"id":386,"date":"2024-12-09T20:17:03","date_gmt":"2024-12-09T20:17:03","guid":{"rendered":"http:\/\/fsc.edu.pl\/?page_id=386"},"modified":"2024-12-09T20:21:16","modified_gmt":"2024-12-09T20:21:16","slug":"o-forum-3","status":"publish","type":"page","link":"https:\/\/www.fsm.edu.pl\/o-forum-3\/","title":{"rendered":"O Forum"},"content":{"rendered":"\n<header class=\"wp-block-cover alignfull is-light\" style=\"min-height:180px;aspect-ratio:unset;\"><span aria-hidden=\"true\" class=\"wp-block-cover__background has-nv-site-bg-background-color has-background-dim-100 has-background-dim\"><\/span><div class=\"wp-block-cover__inner-container is-layout-flow wp-block-cover-is-layout-flow\">\n<div class=\"wp-block-group is-layout-flow wp-block-group-is-layout-flow\">\n<h1 class=\"wp-block-heading has-text-align-left has-neve-text-color-color has-text-color\" style=\"font-size:24px;letter-spacing:1px;text-transform:none\">Forum Szk\u00f3\u0142 Mi\u0119dzynarodowych w Polsce to organizacja powsta\u0142a z inicjatywy organ\u00f3w prowadz\u0105cych i dyrektor\u00f3w mi\u0119dzynarodowych plac\u00f3wek o\u015bwiatowych: zar\u00f3wno na poziomach edukacji przedszkolnej, jak i podstawowym i \u015brednim.<\/h1>\n<\/div>\n<\/div><\/header>\n\n\n\n<div class=\"wp-block-cover alignfull is-light\" style=\"min-height:600px;aspect-ratio:unset;\"><span aria-hidden=\"true\" class=\"wp-block-cover__background has-nv-light-bg-background-color has-background-dim-100 has-background-dim\"><\/span><div class=\"wp-block-cover__inner-container is-layout-flow wp-block-cover-is-layout-flow\">\n<div class=\"wp-block-group is-layout-flow wp-block-group-is-layout-flow\">\n<div style=\"height:80px\" aria-hidden=\"true\" class=\"wp-block-spacer\"><\/div>\n\n\n\n<div class=\"wp-block-columns are-vertically-aligned-center is-layout-flex wp-container-core-columns-is-layout-28f84493 wp-block-columns-is-layout-flex\">\n<div class=\"wp-block-column is-vertically-aligned-center is-layout-flow wp-block-column-is-layout-flow\" style=\"flex-basis:50%\">\n<figure class=\"wp-block-image size-large\"><img fetchpriority=\"high\" decoding=\"async\" width=\"969\" height=\"1024\" src=\"http:\/\/fsc.edu.pl\/wp-content\/uploads\/2024\/05\/image-1-969x1024.jpg\" alt=\"\" class=\"wp-image-167\" srcset=\"https:\/\/www.fsm.edu.pl\/wp-content\/uploads\/2024\/05\/image-1-969x1024.jpg 969w, https:\/\/www.fsm.edu.pl\/wp-content\/uploads\/2024\/05\/image-1-284x300.jpg 284w, https:\/\/www.fsm.edu.pl\/wp-content\/uploads\/2024\/05\/image-1-768x812.jpg 768w, https:\/\/www.fsm.edu.pl\/wp-content\/uploads\/2024\/05\/image-1.jpg 1053w\" sizes=\"(max-width: 969px) 100vw, 969px\" \/><\/figure>\n<\/div>\n\n\n\n<div class=\"wp-block-column is-vertically-aligned-center is-layout-flow wp-block-column-is-layout-flow\" style=\"flex-basis:50%\">\n<h3 class=\"wp-block-heading has-neve-text-color-color has-text-color\">FORUM SZK\u00d3\u0141 MI\u0118DZYNARODOWYCH <br>W POLSCE<\/h3>\n\n\n\n<p class=\"has-neve-text-color-color has-text-color has-medium-font-size\"><\/p>\n\n\n\n<p class=\"has-neve-text-color-color has-text-color\">Dynamiczny rozw\u00f3j i rosn\u0105ca popularno\u015b\u0107 edukacji zagranicznej w Polsce potwierdzaj\u0105, \u017ce jest to wa\u017cny spo\u0142ecznie temat, kt\u00f3ry wymaga realnych zmian, g\u0142\u00f3wnie prawnych, w zakresie organizacji kszta\u0142cenia w plac\u00f3wkach mi\u0119dzynarodowych. Aktywne dzia\u0142anie na rzecz rozpocz\u0119cia dialogu z pracownikami administracji publicznej i przedstawicielami uniwersytet\u00f3w celem dostosowania wymaga\u0144 kszta\u0142cenia o charakterze og\u00f3lno\u015bwiatowym do polskich reali\u00f3w jest pierwszym krokiem do stworzenia szkolnictwa mi\u0119dzynarodowego na miar\u0119 XXI w.<\/p>\n<\/div>\n<\/div>\n<\/div>\n<\/div><\/div>\n\n\n\n<p><\/p>\n\n    <div class=\"xs_social_share_widget xs_share_url after_content \t\tmain_content  wslu-style-1 wslu-share-box-shaped wslu-fill-colored wslu-none wslu-share-horizontal wslu-theme-font-no wslu-main_content\">\n\n\t\t\n        <ul>\n\t\t\t        <\/ul>\n    <\/div> \n","protected":false},"excerpt":{"rendered":"","protected":false},"author":1,"featured_media":0,"parent":0,"menu_order":0,"comment_status":"closed","ping_status":"closed","template":"","meta":{"postBodyCss":"","postBodyMargin":[],"postBodyPadding":[],"postBodyBackground":{"backgroundType":"classic","gradient":""},"site-sidebar-layout":"default","site-content-layout":"","ast-site-content-layout":"default","site-content-style":"default","site-sidebar-style":"default","ast-global-header-display":"","ast-banner-title-visibility":"","ast-main-header-display":"","ast-hfb-above-header-display":"","ast-hfb-below-header-display":"","ast-hfb-mobile-header-display":"","site-post-title":"","ast-breadcrumbs-content":"","ast-featured-img":"","footer-sml-layout":"","ast-disable-related-posts":"","theme-transparent-header-meta":"","adv-header-id-meta":"","stick-header-meta":"","header-above-stick-meta":"","header-main-stick-meta":"","header-below-stick-meta":"","astra-migrate-meta-layouts":"default","ast-page-background-enabled":"default","ast-page-background-meta":{"desktop":{"background-color":"var(--ast-global-color-5)","background-image":"","background-repeat":"repeat","background-position":"center center","background-size":"auto","background-attachment":"scroll","background-type":"","background-media":"","overlay-type":"","overlay-color":"","overlay-opacity":"","overlay-gradient":""},"tablet":{"background-color":"","background-image":"","background-repeat":"repeat","background-position":"center center","background-size":"auto","background-attachment":"scroll","background-type":"","background-media":"","overlay-type":"","overlay-color":"","overlay-opacity":"","overlay-gradient":""},"mobile":{"background-color":"","background-image":"","background-repeat":"repeat","background-position":"center center","background-size":"auto","background-attachment":"scroll","background-type":"","background-media":"","overlay-type":"","overlay-color":"","overlay-opacity":"","overlay-gradient":""}},"ast-content-background-meta":{"desktop":{"background-color":"var(--ast-global-color-4)","background-image":"","background-repeat":"repeat","background-position":"center center","background-size":"auto","background-attachment":"scroll","background-type":"","background-media":"","overlay-type":"","overlay-color":"","overlay-opacity":"","overlay-gradient":""},"tablet":{"background-color":"var(--ast-global-color-4)","background-image":"","background-repeat":"repeat","background-position":"center center","background-size":"auto","background-attachment":"scroll","background-type":"","background-media":"","overlay-type":"","overlay-color":"","overlay-opacity":"","overlay-gradient":""},"mobile":{"background-color":"var(--ast-global-color-4)","background-image":"","background-repeat":"repeat","background-position":"center center","background-size":"auto","background-attachment":"scroll","background-type":"","background-media":"","overlay-type":"","overlay-color":"","overlay-opacity":"","overlay-gradient":""}},"footnotes":""},"class_list":["post-386","page","type-page","status-publish","hentry"],"_links":{"self":[{"href":"https:\/\/www.fsm.edu.pl\/wp-json\/wp\/v2\/pages\/386","targetHints":{"allow":["GET"]}}],"collection":[{"href":"https:\/\/www.fsm.edu.pl\/wp-json\/wp\/v2\/pages"}],"about":[{"href":"https:\/\/www.fsm.edu.pl\/wp-json\/wp\/v2\/types\/page"}],"author":[{"embeddable":true,"href":"https:\/\/www.fsm.edu.pl\/wp-json\/wp\/v2\/users\/1"}],"replies":[{"embeddable":true,"href":"https:\/\/www.fsm.edu.pl\/wp-json\/wp\/v2\/comments?post=386"}],"version-history":[{"count":3,"href":"https:\/\/www.fsm.edu.pl\/wp-json\/wp\/v2\/pages\/386\/revisions"}],"predecessor-version":[{"id":420,"href":"https:\/\/www.fsm.edu.pl\/wp-json\/wp\/v2\/pages\/386\/revisions\/420"}],"wp:attachment":[{"href":"https:\/\/www.fsm.edu.pl\/wp-json\/wp\/v2\/media?parent=386"}],"curies":[{"name":"wp","href":"https:\/\/api.w.org\/{rel}","templated":true}]}}